{"id":7,"date":"2024-08-05T10:38:19","date_gmt":"2024-08-05T08:38:19","guid":{"rendered":"https:\/\/danielboeh.me\/de\/?page_id=7"},"modified":"2024-12-06T21:22:03","modified_gmt":"2024-12-06T20:22:03","slug":"ueber-mich","status":"publish","type":"page","link":"https:\/\/danielboeh.me\/de\/ueber-mich\/","title":{"rendered":"\u00dcber mich"},"content":{"rendered":"\n<p>Ich bin <a title=\"Ich bin Geschichten-Erz\u00e4hler | Daniel Boehme\" href=\"https:\/\/danielboeh.me\/de\/de\/storyteller\/\">Geschichten-Erz\u00e4hler<\/a>, <a href=\"https:\/\/github.com\/side777\" target=\"_blank\" rel=\"noopener\">Coder<\/a>, <a title=\"Social Entrepreneur | Daniel Boehme\" href=\"https:\/\/danielboeh.me\/de\/de\/social-entrepreneur\/\">Social Entrepreneur<\/a>, Information Sponge, Nerd, Autodidakt, Veganer, Aktivist, Vater dreier Kinder...<br>Im 'Game-of-Thrones-Quiz' bin ich Arya. Ich kann mich in einer Menschenmenge unsichtbar machen, liebe es, Gedanken zu lesen und diskutiere gerne \u00fcber Politik und Soziale Themen.<\/p>\n\n\n\n<h3 class=\"wp-block-heading\">Lieblings-: Musik, B\u00fccher, FIlme, Essen<\/h3>\n\n\n\n<h5 class=\"wp-block-heading\">FILME:<\/h5>\n\n\n\n<p>(nur ne wirklich kleine Auswahl)<br>Ben X, Am\u00e9lie, Swing kids, Fight Club, The Matrix, Babel, Fucking Amal, Velvet Goldmine, Hair...<\/p>\n\n\n\n<h5 class=\"wp-block-heading\">MUSIK:<\/h5>\n\n\n\n<p>Dead Can Dance, Metric, Yann Tiersen, Myslovitz, Bad Religion, Linkin Park...<\/p>\n\n\n\n<h5 class=\"wp-block-heading\">B\u00dcCHER:<\/h5>\n\n\n\n<p>Carlos Castaneda, Aleister Crowley, Paul Watzlawick, C.G. Jung, anything Fantasy...<\/p>\n\n\n\n<h5 class=\"wp-block-heading\">ESSEN:<\/h5>\n\n\n\n<p>Ich bin vegan seit 1996 und koche niemals das gleiche noch mal, weil ich keine Rezepte benutze. Alles immer improvisiert. Allerdings... irgendwie koche ich dann doch immer wieder die gleichen 5 oder so Gerichte. Schwer zu erkl\u00e4ren... \ud83d\ude09<\/p>\n\n\n\n<h3 class=\"wp-block-heading\">Kurz-Biographie...<\/h3>\n\n\n\n<p>Mit 15 hab ich meine erste Band gegr\u00fcndet, mit 16 als Choreograph eine eigene Tanzgruppe geleitet und schon w\u00e4hrend der Schulzeit angefangen, zu programmieren und als Grafik-Designer zu arbeiten, f\u00fcr Bands und so politische Aktionen (legal!).<\/p>\n\n\n\n<p>Nach meinen Wanderjahren hab ich noch in 4 weiteren Bands gespielt, was mich zur Filmmusik, und die wiederum zum Drehbuch-Schreiben brachte.&nbsp;<span style=\"font-style: normal;\">Meine Schauspiel-Erfahrungen konnte ich in 2 Schauspielgruppen sammeln.<\/span><\/p>\n\n\n\n<p>Meine erste Regie-Arbeit hab ich dann 2002 realisiert mit dem Kurzfilm&nbsp;<span style=\"font-style: normal;\">'<\/span><a style=\"font-style: normal;\" title=\"watch 'paradogma' on vimeo!\" href=\"http:\/\/vimeo.com\/29895662\" target=\"_blank\" rel=\"noopener\">paradogma<\/a><span style=\"font-style: normal;\">' - und diese Erfahrung brachte mich schlie\u00dflich dazu, eine eigene Produktionsfirma zu gr\u00fcnden (siehe unten).<\/span><\/p>\n\n\n\n<p>Seitdem arbeite ich als Filmemacher und Coder (Webdesign, Games). Einige Beispiele meiner Arbeit findest du in meiner <a href=\"https:\/\/danielboeh.me\/de\/filmography\/\">Filmographie<\/a>!<\/p>\n\n\n\n<p>Ich versuche immer, meine 2 Seiten zu verbinden - Kreativit\u00e4t und Logik. Ein gutes Beispiel ist die Philosophie meiner Firma <a title=\"soda.film | social independent film\" href=\"https:\/\/sodafilm.de\/\" target=\"_blank\" rel=\"noopener\">soda.film<\/a>. Und ich habe mir als Game Modder einen Namen gemacht. (Modder modifizieren bestehende Computerspiele, f\u00fcgen Inhalte hinzu oder verbessern das Spielerlebnis. Das umfasst Grafik, Story und Programmierung.) F\u00fcr mich ist Modding die perfekte Kombination von Kreativit\u00e4t und Logik. Und es erkl\u00e4rt meine Affinit\u00e4t zu 'user controlled story telling', 'user generated content', 'community building', etc... (siehe auch <a title=\"Ich bin Geschichten-Erz\u00e4hler | Daniel Boehme\" href=\"https:\/\/danielboeh.me\/de\/de\/storyteller\/\">'Ich bin Geschichten-Erz\u00e4hler'<\/a>)<\/p>\n\n\n\n<h3 class=\"wp-block-heading\">Privates Zeug<\/h3>\n\n\n\n<p>Wenn du mehr \u00fcber mich, meine Hobbies und Interessen wissen m\u00f6chtest, schau nach 2 Kategorien in meinem Blog (= <a title=\"Mein Senf | Daniel Boehme\" href=\"https:\/\/danielboeh.me\/de\/de\/blog\/\">'Mein Senf'<\/a>):<\/p>\n\n\n\n<h3 class=\"wp-block-heading\"><a href=\"https:\/\/danielboeh.me\/de\/likes\/\">Lieblinge<\/a> &amp; <a href=\"https:\/\/danielboeh.me\/de\/dislikes\/\">Unlieblinge<\/a><\/h3>\n\n\n\n<hr class=\"wp-block-separator has-alpha-channel-opacity\"\/>\n\n\n\n<p>Ich bin Gr\u00fcnder der Film-Produktions-Firma '<a title=\"soda.film | social independent film\" href=\"https:\/\/sodafilm.de\/\" target=\"_blank\" rel=\"noopener\">soda.film berlin<\/a>' (ein\u00a0<a title=\"social entrepreneurship @wikipedia\" href=\"http:\/\/en.wikipedia.org\/wiki\/Social_entrepreneurship\" target=\"_blank\" rel=\"noopener\">social enterprise<\/a>\u00a0nat\u00fcrlich).<\/p>\n\n\n\n<p>Dort findest du Infos \u00fcber meine aktuellen beruflichen Projekte, die sich noch in Entwicklung befinden. \ud83d\ude42<\/p>\n","protected":false},"excerpt":{"rendered":"<p>'Die 6 Dinge, ohne die ich niemals k\u00f6nnte' und viele weitere Dinge, die du eigentlich nicht unbedingt wissen musst \u00fcber mich...<\/p>\n","protected":false},"author":1,"featured_media":0,"parent":0,"menu_order":0,"comment_status":"closed","ping_status":"closed","template":"","meta":{"footnotes":""},"class_list":["post-7","page","type-page","status-publish","hentry"],"_links":{"self":[{"href":"https:\/\/danielboeh.me\/de\/wp-json\/wp\/v2\/pages\/7","targetHints":{"allow":["GET"]}}],"collection":[{"href":"https:\/\/danielboeh.me\/de\/wp-json\/wp\/v2\/pages"}],"about":[{"href":"https:\/\/danielboeh.me\/de\/wp-json\/wp\/v2\/types\/page"}],"author":[{"embeddable":true,"href":"https:\/\/danielboeh.me\/de\/wp-json\/wp\/v2\/users\/1"}],"replies":[{"embeddable":true,"href":"https:\/\/danielboeh.me\/de\/wp-json\/wp\/v2\/comments?post=7"}],"version-history":[{"count":3,"href":"https:\/\/danielboeh.me\/de\/wp-json\/wp\/v2\/pages\/7\/revisions"}],"predecessor-version":[{"id":222,"href":"https:\/\/danielboeh.me\/de\/wp-json\/wp\/v2\/pages\/7\/revisions\/222"}],"wp:attachment":[{"href":"https:\/\/danielboeh.me\/de\/wp-json\/wp\/v2\/media?parent=7"}],"curies":[{"name":"wp","href":"https:\/\/api.w.org\/{rel}","templated":true}]}}