{"id":13,"date":"2024-08-05T11:01:39","date_gmt":"2024-08-05T09:01:39","guid":{"rendered":"https:\/\/danielboeh.me\/de\/?page_id=13"},"modified":"2025-10-18T11:35:10","modified_gmt":"2025-10-18T09:35:10","slug":"geschichtenerzaehler","status":"publish","type":"page","link":"https:\/\/danielboeh.me\/de\/geschichtenerzaehler\/","title":{"rendered":"Ich bin Geschichten&shy;erz\u00e4hler"},"content":{"rendered":"\n<p>Zun\u00e4cht einmal: Zu Beginn des 21. Jhdt. werden Geschichten nicht mehr zwangsl\u00e4ufig 'erz\u00e4hlt'. Geschichten-Erz\u00e4hler haben nahezu endlose M\u00f6glichkeiten zur Verf\u00fcgung.<\/p>\n\n\n\n<h3 class=\"wp-block-heading\">Filmemachen<\/h3>\n\n\n\n<p>Ich bin Filmemacher - es ist also ziemlich offensichtlich, welches denn mein bevorzugtes Medium ist. Ich 'ZEIGE' meine Geschichten. <br>Es hei\u00dft, ein Bild sei mehr wert als 1000 Worte. Ein Bild mit Ger\u00e4uschen und Musik... eine bestimmte Bewegung einer Figur... der \u00fcberw\u00e4ltigende Sonnenaufgang \u00fcber Berlin vom Dach eines Hochhauses... ein spezieller Gegenstand im Regal, der dir das Gef\u00fchl gibt, die Hauptfigur schon dein Leben lang gekannt zu haben...<\/p>\n\n\n\n<figure class=\"wp-block-gallery has-nested-images columns-default is-cropped wp-block-gallery-1 is-layout-flex wp-block-gallery-is-layout-flex\">\n<figure class=\"wp-block-image size-size512 is-style-frame\"><a href=\"https:\/\/danielboeh.me\/de\/wp-content\/uploads\/sites\/16\/break-up.jpg\"><img loading=\"lazy\" decoding=\"async\" width=\"512\" height=\"288\" data-id=\"14\" src=\"https:\/\/danielboeh.me\/de\/wp-content\/uploads\/sites\/16\/break-up-512x288.jpg\" alt=\"\" class=\"wp-image-14\" srcset=\"\/de\/wp-content\/uploads\/sites\/16\/break-up-512x288.jpg 512w, \/de\/wp-content\/uploads\/sites\/16\/break-up-1536x864.jpg 1536w, \/de\/wp-content\/uploads\/sites\/16\/break-up-384x216.jpg 384w, \/de\/wp-content\/uploads\/sites\/16\/break-up-768x432.jpg 768w, \/de\/wp-content\/uploads\/sites\/16\/break-up-1024x576.jpg 1024w, \/de\/wp-content\/uploads\/sites\/16\/break-up-256x144.jpg 256w, \/de\/wp-content\/uploads\/sites\/16\/break-up.jpg 1920w\" sizes=\"auto, (max-width: 600px) 100vw, (max-width: 924px) 45vw, 26.5625rem\" \/><\/a><figcaption class=\"wp-element-caption\">Szene aus '13 Stufen' <span class=\"image-license small grey\">[\u00a9]<\/span><\/figcaption><\/figure>\n\n\n\n<figure class=\"wp-block-image size-size512 is-style-frame\"><a href=\"https:\/\/danielboeh.me\/de\/wp-content\/uploads\/sites\/16\/new-love.jpg\"><img loading=\"lazy\" decoding=\"async\" width=\"512\" height=\"288\" data-id=\"15\" src=\"https:\/\/danielboeh.me\/de\/wp-content\/uploads\/sites\/16\/new-love-512x288.jpg\" alt=\"\" class=\"wp-image-15\" srcset=\"\/de\/wp-content\/uploads\/sites\/16\/new-love-512x288.jpg 512w, \/de\/wp-content\/uploads\/sites\/16\/new-love-1536x864.jpg 1536w, \/de\/wp-content\/uploads\/sites\/16\/new-love-384x216.jpg 384w, \/de\/wp-content\/uploads\/sites\/16\/new-love-768x432.jpg 768w, \/de\/wp-content\/uploads\/sites\/16\/new-love-1024x576.jpg 1024w, \/de\/wp-content\/uploads\/sites\/16\/new-love-256x144.jpg 256w, \/de\/wp-content\/uploads\/sites\/16\/new-love.jpg 1920w\" sizes=\"auto, (max-width: 600px) 100vw, (max-width: 924px) 45vw, 26.5625rem\" \/><\/a><figcaption class=\"wp-element-caption\">Szene aus '13 Stufen' <span class=\"image-license small grey\">[\u00a9]<\/span><\/figcaption><\/figure>\n<\/figure>\n\n\n\n<h3 class=\"wp-block-heading\">Meine Intention<\/h3>\n\n\n\n<p>Der Bedarf an Sozialem Wandel und mein Wunsch, verantwortlich zu handeln sind meine Hauptbeweggr\u00fcnde, Geschichten zu erz\u00e4hlen.<\/p>\n\n\n\n<p>Ich bin sehr interessiert an jeglicher Form zwischenmenschlicher Interaktionen oder Beziehungen. Darum drehen sich meine Arbeiten ziemlich um solche Themen. Ich versuche immer, alt und neu zu kombinieren; klassisches Kino und Neue Medien.<\/p>\n\n\n\n<h3 class=\"wp-block-heading\">Game Modding<\/h3>\n\n\n\n<p>Neben Filmen bin ich an jeder Menge anderer Formen des Geschichten-Erz\u00e4hlens interessiert. Ein sehr wichtiges Hobby ist das <a href=\"http:\/\/en.wikipedia.org\/wiki\/Mod_%28video_gaming%29\" target=\"_blank\" rel=\"noopener\">Game Modding<\/a>. Ich bin ziemlich aktiv in der Modding-Szene und habe einige <a title=\"Liste meiner Mods\" href=\"http:\/\/oblivion.nexusmods.com\/users\/1248624\/?tb=mods&amp;pUp=1\" target=\"_blank\" rel=\"noopener\">'Mods'<\/a> (Modifiaktionen bestehender Computer-Spiele) ver\u00f6ffentlicht.<br>Durch die Interaktivit\u00e4t sind Spiele ein wundervolles Medium f\u00fcr Geschichten-Erz\u00e4hler. Es ist eine riesige Herausforderung - abh\u00e4ngig von der Komplexit\u00e4t des Handlungsfadens - die Konsistenz einer unlinear ablaufenden Geschichte zu gew\u00e4hrleisten.<\/p>\n\n\n\n<figure class=\"wp-block-gallery has-nested-images columns-default is-cropped wp-block-gallery-2 is-layout-flex wp-block-gallery-is-layout-flex\">\n<figure class=\"wp-block-image size-medium is-style-frame\"><a href=\"https:\/\/danielboeh.me\/de\/wp-content\/uploads\/sites\/16\/Oblivion.exe-6-.jpg\"><img loading=\"lazy\" decoding=\"async\" width=\"384\" height=\"288\" data-id=\"17\" src=\"https:\/\/danielboeh.me\/de\/wp-content\/uploads\/sites\/16\/Oblivion.exe-6--384x288.jpg\" alt=\"\" class=\"wp-image-17\" srcset=\"\/de\/wp-content\/uploads\/sites\/16\/Oblivion.exe-6--384x288.jpg 384w, \/de\/wp-content\/uploads\/sites\/16\/Oblivion.exe-6--768x576.jpg 768w, \/de\/wp-content\/uploads\/sites\/16\/Oblivion.exe-6--256x192.jpg 256w, \/de\/wp-content\/uploads\/sites\/16\/Oblivion.exe-6--512x384.jpg 512w, \/de\/wp-content\/uploads\/sites\/16\/Oblivion.exe-6-.jpg 1024w\" sizes=\"auto, (max-width: 600px) 100vw, (max-width: 924px) 33vw, 17.1875rem\" \/><\/a><figcaption class=\"wp-element-caption\">Mein Alter-Ego in einer meiner Mods <span class=\"image-license small grey\">[\u00a9]<\/span><\/figcaption><\/figure>\n\n\n\n<figure class=\"wp-block-image size-medium is-style-frame\"><a href=\"https:\/\/danielboeh.me\/de\/wp-content\/uploads\/sites\/16\/ScreenShot8.jpg\"><img loading=\"lazy\" decoding=\"async\" width=\"384\" height=\"288\" data-id=\"18\" src=\"https:\/\/danielboeh.me\/de\/wp-content\/uploads\/sites\/16\/ScreenShot8-384x288.jpg\" alt=\"\" class=\"wp-image-18\" srcset=\"\/de\/wp-content\/uploads\/sites\/16\/ScreenShot8-384x288.jpg 384w, \/de\/wp-content\/uploads\/sites\/16\/ScreenShot8-768x576.jpg 768w, \/de\/wp-content\/uploads\/sites\/16\/ScreenShot8-256x192.jpg 256w, \/de\/wp-content\/uploads\/sites\/16\/ScreenShot8-512x384.jpg 512w, \/de\/wp-content\/uploads\/sites\/16\/ScreenShot8.jpg 1024w\" sizes=\"auto, (max-width: 600px) 100vw, (max-width: 924px) 33vw, 17.1875rem\" \/><\/a><figcaption class=\"wp-caption-text systemfont grey\"> <span class=\"image-license small grey\">[\u00a9]<\/span><\/figcaption><\/figure>\n\n\n\n<figure class=\"wp-block-image size-medium is-style-frame\"><a href=\"https:\/\/danielboeh.me\/de\/wp-content\/uploads\/sites\/16\/ScreenShot35.jpg\"><img loading=\"lazy\" decoding=\"async\" width=\"384\" height=\"288\" data-id=\"16\" src=\"https:\/\/danielboeh.me\/de\/wp-content\/uploads\/sites\/16\/ScreenShot35-384x288.jpg\" alt=\"\" class=\"wp-image-16\" srcset=\"\/de\/wp-content\/uploads\/sites\/16\/ScreenShot35-384x288.jpg 384w, \/de\/wp-content\/uploads\/sites\/16\/ScreenShot35-768x576.jpg 768w, \/de\/wp-content\/uploads\/sites\/16\/ScreenShot35-256x192.jpg 256w, \/de\/wp-content\/uploads\/sites\/16\/ScreenShot35-512x384.jpg 512w, \/de\/wp-content\/uploads\/sites\/16\/ScreenShot35.jpg 1024w\" sizes=\"auto, (max-width: 600px) 100vw, (max-width: 924px) 33vw, 17.1875rem\" \/><\/a><figcaption class=\"wp-element-caption\">Eine antike Ruine, die ich f\u00fcr eine Mod kreiert habe - die Texturen der W\u00e4nde stammen vom ber\u00fchmten 'Ishtar-Tor' <span class=\"image-license small grey\">[\u00a9]<\/span><\/figcaption><\/figure>\n<\/figure>\n\n\n\n<h3 class=\"wp-block-heading\">User controlled stories<\/h3>\n\n\n\n<p>Eine weitere sch\u00f6ne Sache, an der ich gerade arbeite: Geschichten-Erz\u00e4hlen mit Interaktion des Publikums. Mein Film-Projekt <a title=\"13 Stufen | Tagebuch einer modernen Beziehung\" href=\"https:\/\/13-stufen.de\/\" target=\"_blank\" rel=\"noopener\">'13 Stufen'<\/a> ist ein Beispiel. Die fiktionalen Charaktere haben echte Social-Media-Profile und k\u00f6nnen direkt mit dem Publikum kommunizieren.<br>F\u00fcr das Projekt <a href=\"https:\/\/heartofberl.in\" target=\"_blank\" rel=\"noopener\">'Heart of Berlin'<\/a> vermische ich Fiktion und Doku und kombiniere das dann mit Input aus der Community.<br><a title=\"LIFE unleashed! | Visionen eines LEBENS mit Grundeinkommen\" href=\"https:\/\/life-unleashed.net\/de\/\" target=\"_blank\" rel=\"noopener\">'LIFE unleashed'<\/a> ist fast komplett 'user-generated' - es basiert auf Geschichten, die die Community eingereicht hat.<\/p>\n\n\n\n<h3 class=\"wp-block-heading\">Fazit<\/h3>\n\n\n\n<p>Im 21. Jhdt. k\u00f6nnen Geschichten noch immer erz\u00e4hlt, gelesen, geschaut... werden. Aber eben auch erfahren oder gelebt! \ud83d\ude42<\/p>\n","protected":false},"excerpt":{"rendered":"<p>Zun\u00e4cht einmal: Zu Beginn des 21. Jhdt. werden Geschichten nicht mehr zwangsl\u00e4ufig 'erz\u00e4hlt'. Geschichten-Erz\u00e4hler haben nahezu endlose M\u00f6glichkeiten zur Verf\u00fcgung. [&hellip;]<\/p>\n","protected":false},"author":1,"featured_media":0,"parent":0,"menu_order":0,"comment_status":"closed","ping_status":"closed","template":"","meta":{"footnotes":""},"class_list":["post-13","page","type-page","status-publish","hentry"],"_links":{"self":[{"href":"https:\/\/danielboeh.me\/de\/wp-json\/wp\/v2\/pages\/13","targetHints":{"allow":["GET"]}}],"collection":[{"href":"https:\/\/danielboeh.me\/de\/wp-json\/wp\/v2\/pages"}],"about":[{"href":"https:\/\/danielboeh.me\/de\/wp-json\/wp\/v2\/types\/page"}],"author":[{"embeddable":true,"href":"https:\/\/danielboeh.me\/de\/wp-json\/wp\/v2\/users\/1"}],"replies":[{"embeddable":true,"href":"https:\/\/danielboeh.me\/de\/wp-json\/wp\/v2\/comments?post=13"}],"version-history":[{"count":8,"href":"https:\/\/danielboeh.me\/de\/wp-json\/wp\/v2\/pages\/13\/revisions"}],"predecessor-version":[{"id":289,"href":"https:\/\/danielboeh.me\/de\/wp-json\/wp\/v2\/pages\/13\/revisions\/289"}],"wp:attachment":[{"href":"https:\/\/danielboeh.me\/de\/wp-json\/wp\/v2\/media?parent=13"}],"curies":[{"name":"wp","href":"https:\/\/api.w.org\/{rel}","templated":true}]}}